{"id":69,"date":"2019-09-07T12:54:34","date_gmt":"2019-09-07T12:54:34","guid":{"rendered":"http:\/\/www.mamasenudila.cz\/?page_id=69"},"modified":"2019-09-07T13:13:02","modified_gmt":"2019-09-07T13:13:02","slug":"vitajte","status":"publish","type":"page","link":"http:\/\/www.mamasenudila.cz\/","title":{"rendered":"Vitajte!"},"content":{"rendered":"\n<p>Vitajte na str\u00e1nkach mamasenudila.cz, kde n\u00e1jdete, \u010do mi napadne. M\u00e1te na v\u00fdber z t\u00fdchto kateg\u00f3ri\u00ed, ktor\u00e9 mo\u017eete vidie\u0165 v hornom menu.<\/p>\n\n\n<ul class=\"wp-block-categories-list wp-block-categories\">\t<li class=\"cat-item cat-item-18\"><a href=\"http:\/\/www.mamasenudila.cz\/index.php\/category\/bicykel\/\">Bicykel<\/a>\n<\/li>\n\t<li class=\"cat-item cat-item-8\"><a href=\"http:\/\/www.mamasenudila.cz\/index.php\/category\/maminciny-recepty\/\">Mamin\u010diny recepty<\/a>\n<\/li>\n\t<li class=\"cat-item cat-item-9\"><a href=\"http:\/\/www.mamasenudila.cz\/index.php\/category\/maminciny-tipy\/\">Mamin\u010diny tipy<\/a>\n<\/li>\n\t<li class=\"cat-item cat-item-7\"><a href=\"http:\/\/www.mamasenudila.cz\/index.php\/category\/nazory\/\">N\u00e1zory<\/a>\n<\/li>\n\t<li class=\"cat-item cat-item-10\"><a href=\"http:\/\/www.mamasenudila.cz\/index.php\/category\/vino\/\">V\u00edno<\/a>\n<\/li>\n\t<li class=\"cat-item cat-item-6\"><a href=\"http:\/\/www.mamasenudila.cz\/index.php\/category\/vtipne-komentare\/\">Vtipn\u00e9 koment\u00e1\u0159e<\/a>\n<\/li>\n\t<li class=\"cat-item cat-item-5\"><a href=\"http:\/\/www.mamasenudila.cz\/index.php\/category\/zajimavosti-z-internetu\/\">Zaj\u00edmavosti z internetu<\/a>\n<\/li>\n\t<li class=\"cat-item cat-item-1\"><a href=\"http:\/\/www.mamasenudila.cz\/index.php\/category\/vselico\/\">V\u0161eli\u010do<\/a>\n<\/li>\n\t<li class=\"cat-item cat-item-17\"><a href=\"http:\/\/www.mamasenudila.cz\/index.php\/category\/investovanie\/\">Investovanie<\/a>\n<\/li>\n\t<li class=\"cat-item cat-item-16\"><a href=\"http:\/\/www.mamasenudila.cz\/index.php\/category\/literatura\/\">Literat\u00fara<\/a>\n<\/li>\n\t<li class=\"cat-item cat-item-14\"><a href=\"http:\/\/www.mamasenudila.cz\/index.php\/category\/pravo\/\">Pr\u00e1vo<\/a>\n<\/li>\n\t<li class=\"cat-item cat-item-15\"><a href=\"http:\/\/www.mamasenudila.cz\/index.php\/category\/umelecke-analyzy\/\">Umeleck\u00e9 anal\u00fdzy<\/a>\n<\/li>\n<\/ul>\n\n\n<p>Keby V\u00e1s zauj\u00edmali moje posledn\u00e9 posty, jednoducho si posl\u00fa\u017ete ni\u017e\u0161ie, alebo v bo\u010dnom menu:<\/p>\n\n\n<ul class=\"wp-block-latest-posts__list wp-block-latest-posts\"><li><a class=\"wp-block-latest-posts__post-title\" href=\"http:\/\/www.mamasenudila.cz\/index.php\/2023\/04\/21\/fr-slovnik\/\">FR Slovn\u00edk<\/a><\/li>\n<li><a class=\"wp-block-latest-posts__post-title\" href=\"http:\/\/www.mamasenudila.cz\/index.php\/2022\/08\/03\/jeden-typicky-predajca-ovocia-a-zeleniny\/\">Jeden typick\u00fd predajca ovocia a zeleniny<\/a><\/li>\n<li><a class=\"wp-block-latest-posts__post-title\" href=\"http:\/\/www.mamasenudila.cz\/index.php\/2022\/08\/03\/kukuricovy-testsuboj\/\">Kukuricov\u00fd tests\u00faboj!<\/a><\/li>\n<li><a class=\"wp-block-latest-posts__post-title\" href=\"http:\/\/www.mamasenudila.cz\/index.php\/2022\/07\/13\/bremeno-tvrzeni-a-bremeno-dukazni-v-civilnim-rizeni-spornem\/\">B\u0159emeno tvrzen\u00ed a b\u0159emeno d\u016fkazn\u00ed v civiln\u00edm \u0159\u00edzen\u00ed sporn\u00e9m<\/a><\/li>\n<li><a class=\"wp-block-latest-posts__post-title\" href=\"http:\/\/www.mamasenudila.cz\/index.php\/2022\/07\/10\/moj-najneoblubenejsi-cyklousek\/\">Moj najneob\u013e\u00fabenej\u0161\u00ed cyklo\u00fasek<\/a><\/li>\n<\/ul>","protected":false},"excerpt":{"rendered":"<p>Vitajte na str\u00e1nkach mamasenudila.cz, kde n\u00e1jdete, \u010do mi napadne. M\u00e1te na v\u00fdber z t\u00fdchto kateg\u00f3ri\u00ed, ktor\u00e9 mo\u017eete vidie\u0165 v hornom menu. Keby V\u00e1s zauj\u00edmali moje posledn\u00e9 posty, jednoducho si posl\u00fa\u017ete ni\u017e\u0161ie, alebo v bo\u010dnom menu:<\/p>\n","protected":false},"author":1,"featured_media":0,"parent":0,"menu_order":0,"comment_status":"closed","ping_status":"closed","template":"","meta":[],"_links":{"self":[{"href":"http:\/\/www.mamasenudila.cz\/index.php\/wp-json\/wp\/v2\/pages\/69"}],"collection":[{"href":"http:\/\/www.mamasenudila.cz\/index.php\/wp-json\/wp\/v2\/pages"}],"about":[{"href":"http:\/\/www.mamasenudila.cz\/index.php\/wp-json\/wp\/v2\/types\/page"}],"author":[{"embeddable":true,"href":"http:\/\/www.mamasenudila.cz\/index.php\/wp-json\/wp\/v2\/users\/1"}],"replies":[{"embeddable":true,"href":"http:\/\/www.mamasenudila.cz\/index.php\/wp-json\/wp\/v2\/comments?post=69"}],"version-history":[{"count":2,"href":"http:\/\/www.mamasenudila.cz\/index.php\/wp-json\/wp\/v2\/pages\/69\/revisions"}],"predecessor-version":[{"id":78,"href":"http:\/\/www.mamasenudila.cz\/index.php\/wp-json\/wp\/v2\/pages\/69\/revisions\/78"}],"wp:attachment":[{"href":"http:\/\/www.mamasenudila.cz\/index.php\/wp-json\/wp\/v2\/media?parent=69"}],"curies":[{"name":"wp","href":"https:\/\/api.w.org\/{rel}","templated":true}]}}